{"id":1474,"date":"2016-03-17T10:44:40","date_gmt":"2016-03-17T09:44:40","guid":{"rendered":"http:\/\/nya.lantchips.com\/?page_id=1474"},"modified":"2024-06-12T11:00:35","modified_gmt":"2024-06-12T09:00:35","slug":"faq","status":"publish","type":"page","link":"https:\/\/lantchips.se\/en\/crisp-tips\/faq\/","title":{"rendered":"FAQ"},"content":{"rendered":"\n<div class=\"wp-block-columns alignwide is-layout-flex wp-container-core-columns-is-layout-28f84493 wp-block-columns-is-layout-flex\">\n<div class=\"wp-block-column is-layout-flow wp-block-column-is-layout-flow\" style=\"flex-basis:20%\"><\/div>\n\n\n\n<div class=\"wp-block-column is-layout-flow wp-block-column-is-layout-flow\">\n<div class=\"wp-block-group txtblurb has-background-background-color has-background is-layout-flow wp-block-group-is-layout-flow\">\n<h1 class=\"wp-block-heading has-foreground-color has-text-color has-link-color wp-elements-dc3ae00bf168291b105fced75d592bfd\" style=\"text-transform:uppercase\">Questions and answers<\/h1>\n\n\n\n<p>Here you can learn about our different products and get answers to common questions.<\/p>\n\n\n\n<div class=\"wp-block-getwid-accordion has-icon-left\" data-active-element=\"none\">\n<div class=\"wp-block-getwid-accordion__header-wrapper\"><span class=\"wp-block-getwid-accordion__header\"><a href=\"#\"><span class=\"wp-block-getwid-accordion__header-title\">What differentiates lantchips from other chips?<\/span><span class=\"wp-block-getwid-accordion__icon is-active\"><i class=\"fas fa-plus\"><\/i><\/span><span class=\"wp-block-getwid-accordion__icon is-passive\"><i class=\"fas fa-minus\"><\/i><\/span><\/a><\/span><\/div><div class=\"wp-block-getwid-accordion__content-wrapper\"><div class=\"wp-block-getwid-accordion__content\">\n<p>When we first started our adventure, we bought a used fryer from North America and this became the starting point for Lantchips and pot-fried potatoes in Sweden. The process is simple: we wash the potatoes, slice and fry them in sunflower oil, at a relatively low temperature, much like making chips at home but on a larger scale. The chips are then seasoned and finally packaged.<\/p>\n\n\n\n<p>In the \u201cnormal\u201d chips manufacturing the potato slices are usually blanched before they are fried. This means that the starch is washed out and the chips become bright. We refrain from this step and since the skin is also left, the starch and content of the potato is preserved when it is fried. Which also results in varying colors of the chips depending on the season and time of the year. This also creates a crunchy chip with approximately 20% lower fat content than \u201cregular\u201d chips.<\/p>\n\n\n\n<p>We usually say ourself \u201cchips for real\u201d. One thing worth mentioning is that since the first fryer we have improved and built our own fryers. This is also a secret behind our unique \u201ccrisp\u201d.<\/p>\n<\/div><\/div>\n\n\n\n<div class=\"wp-block-getwid-accordion__header-wrapper\"><span class=\"wp-block-getwid-accordion__header\"><a href=\"#\"><span class=\"wp-block-getwid-accordion__header-title\">Do you use palm oil?<\/span><span class=\"wp-block-getwid-accordion__icon is-active\"><i class=\"fas fa-plus\"><\/i><\/span><span class=\"wp-block-getwid-accordion__icon is-passive\"><i class=\"fas fa-minus\"><\/i><\/span><\/a><\/span><\/div><div class=\"wp-block-getwid-accordion__content-wrapper\"><div class=\"wp-block-getwid-accordion__content\">\n<p>We fry our chips in sunflower oil, both organic and conventional. Therefore we do not use palm oil in our production.<\/p>\n<\/div><\/div>\n\n\n\n<div class=\"wp-block-getwid-accordion__header-wrapper\"><span class=\"wp-block-getwid-accordion__header\"><a href=\"#\"><span class=\"wp-block-getwid-accordion__header-title\">Allergens<\/span><span class=\"wp-block-getwid-accordion__icon is-active\"><i class=\"fas fa-plus\"><\/i><\/span><span class=\"wp-block-getwid-accordion__icon is-passive\"><i class=\"fas fa-minus\"><\/i><\/span><\/a><\/span><\/div><div class=\"wp-block-getwid-accordion__content-wrapper\"><div class=\"wp-block-getwid-accordion__content\">\n<p>The only allergen we use in our factory is milk. Where the milk is in a product it is clearly stated on the bag.<\/p>\n<\/div><\/div>\n\n\n\n<div class=\"wp-block-getwid-accordion__header-wrapper\"><span class=\"wp-block-getwid-accordion__header\"><a href=\"#\"><span class=\"wp-block-getwid-accordion__header-title\">Where can I buy your chips?<\/span><span class=\"wp-block-getwid-accordion__icon is-active\"><i class=\"fas fa-plus\"><\/i><\/span><span class=\"wp-block-getwid-accordion__icon is-passive\"><i class=\"fas fa-minus\"><\/i><\/span><\/a><\/span><\/div><div class=\"wp-block-getwid-accordion__content-wrapper\"><div class=\"wp-block-getwid-accordion__content\">\n<p>Parts of our range can actually be found in the vast majority of grocery stores.<\/p>\n<\/div><\/div>\n\n\n\n<div class=\"wp-block-getwid-accordion__header-wrapper\"><span class=\"wp-block-getwid-accordion__header\"><a href=\"#\"><span class=\"wp-block-getwid-accordion__header-title\">Are your chips available to buy online?<\/span><span class=\"wp-block-getwid-accordion__icon is-active\"><i class=\"fas fa-plus\"><\/i><\/span><span class=\"wp-block-getwid-accordion__icon is-passive\"><i class=\"fas fa-minus\"><\/i><\/span><\/a><\/span><\/div><div class=\"wp-block-getwid-accordion__content-wrapper\"><div class=\"wp-block-getwid-accordion__content\">\n<p>Several of our products are generally available in your local store. If you can&#8217;t find the item you&#8217;re looking for, you can always ask for it at your local retailer, who will be happy to help bring the product in. Your help makes a big difference! Unfortunately, we currently do not have a webshop.<\/p>\n<\/div><\/div>\n\n\n\n<div class=\"wp-block-getwid-accordion__header-wrapper\"><span class=\"wp-block-getwid-accordion__header\"><a href=\"#\"><span class=\"wp-block-getwid-accordion__header-title\">Which potato do you use?<\/span><span class=\"wp-block-getwid-accordion__icon is-active\"><i class=\"fas fa-plus\"><\/i><\/span><span class=\"wp-block-getwid-accordion__icon is-passive\"><i class=\"fas fa-minus\"><\/i><\/span><\/a><\/span><\/div><div class=\"wp-block-getwid-accordion__content-wrapper\"><div class=\"wp-block-getwid-accordion__content\">\n<p>For our Swedish Lantchips products, we use potatoes that are specially grown for chip production. Some of the varieties we use include Saturna, Lady Claire and Lady Rosetta, which are mainly grown in Sk\u00e5ne, V\u00e4sterg\u00f6tland and \u00d6sterg\u00f6tland.<\/p>\n<\/div><\/div>\n\n\n\n<div class=\"wp-block-getwid-accordion__header-wrapper\"><span class=\"wp-block-getwid-accordion__header\"><a href=\"#\"><span class=\"wp-block-getwid-accordion__header-title\">Is everything organic?<\/span><span class=\"wp-block-getwid-accordion__icon is-active\"><i class=\"fas fa-plus\"><\/i><\/span><span class=\"wp-block-getwid-accordion__icon is-passive\"><i class=\"fas fa-minus\"><\/i><\/span><\/a><\/span><\/div><div class=\"wp-block-getwid-accordion__content-wrapper\"><div class=\"wp-block-getwid-accordion__content\">\n<p>Is everything organic? We manufacture both organic and conventional chips. In the organic chips, the potatoes, oil and seasoning are organically certified.<\/p>\n<\/div><\/div>\n\n\n\n<div class=\"wp-block-getwid-accordion__header-wrapper\"><span class=\"wp-block-getwid-accordion__header\"><a href=\"#\"><span class=\"wp-block-getwid-accordion__header-title\">Where is the #lantchipsfactory located?<\/span><span class=\"wp-block-getwid-accordion__icon is-active\"><i class=\"fas fa-plus\"><\/i><\/span><span class=\"wp-block-getwid-accordion__icon is-passive\"><i class=\"fas fa-minus\"><\/i><\/span><\/a><\/span><\/div><div class=\"wp-block-getwid-accordion__content-wrapper\"><div class=\"wp-block-getwid-accordion__content\">\n<p>Today, all our LantChips are produced in Hovsj\u00f6, S\u00f6dert\u00e4lje in S\u00f6dermanland and we have been here since 1998. However, everything started in the area around Dals-Ed in Dalsland.<\/p>\n<\/div><\/div>\n<\/div>\n\n\n\n<div style=\"height:2rem\" aria-hidden=\"true\" class=\"wp-block-spacer\"><\/div>\n\n\n\n<p>Did you not find the answer to your question?Your welcome to <a href=\"https:\/\/lantchips.se\/en\/contact\/\" data-type=\"page\" data-id=\"214\">contact us<\/a>.<\/p>\n<\/div>\n<\/div>\n\n\n\n<div class=\"wp-block-column is-layout-flow wp-block-column-is-layout-flow\" style=\"flex-basis:20%\"><\/div>\n<\/div>\n","protected":false},"excerpt":{"rendered":"<p>Questions and answers Here you can learn about our different products and get answers to common questions. Did you not find the answer to your question?Your welcome to contact us.<\/p>\n","protected":false},"author":3,"featured_media":3814,"parent":221,"menu_order":27,"comment_status":"closed","ping_status":"closed","template":"","meta":{"_acf_changed":false,"footnotes":""},"class_list":["post-1474","page","type-page","status-publish","has-post-thumbnail","hentry"],"acf":[],"_links":{"self":[{"href":"https:\/\/lantchips.se\/en\/wp-json\/wp\/v2\/pages\/1474","targetHints":{"allow":["GET"]}}],"collection":[{"href":"https:\/\/lantchips.se\/en\/wp-json\/wp\/v2\/pages"}],"about":[{"href":"https:\/\/lantchips.se\/en\/wp-json\/wp\/v2\/types\/page"}],"author":[{"embeddable":true,"href":"https:\/\/lantchips.se\/en\/wp-json\/wp\/v2\/users\/3"}],"replies":[{"embeddable":true,"href":"https:\/\/lantchips.se\/en\/wp-json\/wp\/v2\/comments?post=1474"}],"version-history":[{"count":20,"href":"https:\/\/lantchips.se\/en\/wp-json\/wp\/v2\/pages\/1474\/revisions"}],"predecessor-version":[{"id":5751,"href":"https:\/\/lantchips.se\/en\/wp-json\/wp\/v2\/pages\/1474\/revisions\/5751"}],"up":[{"embeddable":true,"href":"https:\/\/lantchips.se\/en\/wp-json\/wp\/v2\/pages\/221"}],"wp:featuredmedia":[{"embeddable":true,"href":"https:\/\/lantchips.se\/en\/wp-json\/wp\/v2\/media\/3814"}],"wp:attachment":[{"href":"https:\/\/lantchips.se\/en\/wp-json\/wp\/v2\/media?parent=1474"}],"curies":[{"name":"wp","href":"https:\/\/api.w.org\/{rel}","templated":true}]}}